{"id":10,"date":"2026-02-06T17:12:26","date_gmt":"2026-02-06T17:12:26","guid":{"rendered":"https:\/\/rollingstage.rkinformatika.online\/?page_id=10"},"modified":"2026-02-11T14:32:54","modified_gmt":"2026-02-11T14:32:54","slug":"inicio","status":"publish","type":"page","link":"https:\/\/rollingstage.es\/en\/","title":{"rendered":"Home"},"content":{"rendered":"<div data-elementor-type=\"wp-page\" data-elementor-id=\"10\" class=\"elementor elementor-10\" data-elementor-post-type=\"page\">\n\t\t\t\t<div class=\"elementor-element elementor-element-c26d114 e-flex e-con-boxed e-con e-parent\" data-id=\"c26d114\" data-element_type=\"container\" data-e-type=\"container\" data-settings=\"{&quot;background_background&quot;:&quot;video&quot;,&quot;background_video_link&quot;:&quot;https:\\\/\\\/rollingstage.es\\\/wp-content\\\/uploads\\\/2026\\\/02\\\/1662859_Equalizer_Waveform_1280x720.mp4&quot;,&quot;background_play_on_mobile&quot;:&quot;yes&quot;}\">\n\t\t\t\t\t<div class=\"e-con-inner\">\n\t\t<div class=\"elementor-background-video-container\">\n\t\t\t\t\t\t\t<video class=\"elementor-background-video-hosted\" role=\"presentation\" autoplay muted playsinline loop><\/video>\n\t\t\t\t\t<\/div>\t\t\t<\/div>\n\t\t\t\t<\/div>\n\t\t<div class=\"elementor-element elementor-element-ca7072b e-flex e-con-boxed e-con e-parent\" data-id=\"ca7072b\" data-element_type=\"container\" data-e-type=\"container\">\n\t\t\t\t\t<div class=\"e-con-inner\">\n\t\t\t\t<div class=\"elementor-element elementor-element-bd8504d elementor-widget__width-initial elementor-widget-mobile__width-initial elementor-invisible elementor-widget elementor-widget-heading\" data-id=\"bd8504d\" data-element_type=\"widget\" data-e-type=\"widget\" data-settings=\"{&quot;_animation&quot;:&quot;fadeInDown&quot;}\" data-widget_type=\"heading.default\">\n\t\t\t\t\t<h2 class=\"elementor-heading-title elementor-size-default\">Where music, drinks, and experiences come together to create...<\/h2>\t\t\t\t<\/div>\n\t\t\t\t<div class=\"elementor-element elementor-element-aba84ac elementor-invisible elementor-widget elementor-widget-heading\" data-id=\"aba84ac\" data-element_type=\"widget\" data-e-type=\"widget\" data-settings=\"{&quot;_animation&quot;:&quot;fadeInDown&quot;}\" data-widget_type=\"heading.default\">\n\t\t\t\t\t<h2 class=\"elementor-heading-title elementor-size-default\"> unforgettable events.<\/h2>\t\t\t\t<\/div>\n\t\t\t\t\t<\/div>\n\t\t\t\t<\/div>\n\t\t<div class=\"elementor-element elementor-element-9923e10 e-flex e-con-boxed e-con e-parent\" data-id=\"9923e10\" data-element_type=\"container\" data-e-type=\"container\">\n\t\t\t\t\t<div class=\"e-con-inner\">\n\t\t<div class=\"elementor-element elementor-element-354f58e e-con-full e-flex elementor-invisible e-con e-child\" data-id=\"354f58e\" data-element_type=\"container\" data-e-type=\"container\" data-settings=\"{&quot;animation&quot;:&quot;fadeInDown&quot;}\">\n\t\t\t\t<div class=\"elementor-element elementor-element-c0ab456 elementor-widget__width-initial elementor-widget-mobile__width-initial elementor-widget elementor-widget-heading\" data-id=\"c0ab456\" data-element_type=\"widget\" data-e-type=\"widget\" data-settings=\"{&quot;_animation&quot;:&quot;none&quot;}\" data-widget_type=\"heading.default\">\n\t\t\t\t\t<h2 class=\"elementor-heading-title elementor-size-default\">PRESENTATION<\/h2>\t\t\t\t<\/div>\n\t\t\t\t<div class=\"elementor-element elementor-element-fe19732 elementor-widget elementor-widget-text-editor\" data-id=\"fe19732\" data-element_type=\"widget\" data-e-type=\"widget\" data-settings=\"{&quot;_animation&quot;:&quot;none&quot;}\" data-widget_type=\"text-editor.default\">\n\t\t\t\t\t\t\t\t\t<p>We are a company with over 10 years of experience in the leisure and entertainment sector, specializing in DJs, musical events, private parties, corporate celebrations, weddings and popular events.<\/p><p>We offer individuals, companies and organizations an innovative mobile disco concept, with a professional stage and fully equipped bar service, designed to provide dynamism, continuity and a unique experience at any type of event.<\/p><p>Our flagship product is a fully equipped and certified Drink, Music &amp; Food Truck trailer, with all licenses, permits, and documentation in order. It includes:<\/p><ul><li>Stage for small performances and DJs<\/li><li>Fully equipped drinks bar<\/li><li>Lighting and special effects\u00a0<\/li><li>High-quality sound with up to 24,000w of power.<\/li><\/ul><p>\u00a0<\/p><p>It is a ready-to-use, quick-to-assemble and extremely versatile solution, ideal for creating unique and memorable experiences.<\/p>\t\t\t\t\t\t\t\t<\/div>\n\t\t\t\t<\/div>\n\t\t<div class=\"elementor-element elementor-element-edae108 e-con-full e-flex e-con e-child\" data-id=\"edae108\" data-element_type=\"container\" data-e-type=\"container\">\n\t\t\t\t<div class=\"elementor-element elementor-element-26a336f elementor-widget__width-initial elementor-widget elementor-widget-video\" data-id=\"26a336f\" data-element_type=\"widget\" data-e-type=\"widget\" data-settings=\"{&quot;video_type&quot;:&quot;hosted&quot;,&quot;autoplay&quot;:&quot;yes&quot;,&quot;play_on_mobile&quot;:&quot;yes&quot;,&quot;controls&quot;:&quot;yes&quot;}\" data-widget_type=\"video.default\">\n\t\t\t\t\t\t\t<div class=\"e-hosted-video elementor-wrapper elementor-open-inline\">\n\t\t\t\t\t<video class=\"elementor-video\" src=\"https:\/\/rollingstage.es\/wp-content\/uploads\/2026\/02\/IMG_4084.mov\" autoplay=\"\" controls=\"\" playsinline=\"\" controlslist=\"nodownload\"><\/video>\n\t\t\t\t<\/div>\n\t\t\t\t\t\t<\/div>\n\t\t\t\t<\/div>\n\t\t\t\t\t<\/div>\n\t\t\t\t<\/div>\n\t\t<div class=\"elementor-element elementor-element-8559e79 animated-slow e-flex e-con-boxed elementor-invisible e-con e-parent\" data-id=\"8559e79\" data-element_type=\"container\" data-e-type=\"container\" data-settings=\"{&quot;background_background&quot;:&quot;classic&quot;,&quot;animation&quot;:&quot;fadeInLeft&quot;}\">\n\t\t\t\t\t<div class=\"e-con-inner\">\n\t\t\t\t<div class=\"elementor-element elementor-element-8bfc435 elementor-widget__width-initial elementor-widget-mobile__width-initial animated-slow elementor-widget elementor-widget-heading\" data-id=\"8bfc435\" data-element_type=\"widget\" data-e-type=\"widget\" data-settings=\"{&quot;_animation&quot;:&quot;none&quot;}\" data-widget_type=\"heading.default\">\n\t\t\t\t\t<h2 class=\"elementor-heading-title elementor-size-default\">ADVANTAGES FOR THE CUSTOMER<\/h2>\t\t\t\t<\/div>\n\t\t\t\t\t<\/div>\n\t\t\t\t<\/div>\n\t\t<div class=\"elementor-element elementor-element-abee47d e-flex e-con-boxed e-con e-parent\" data-id=\"abee47d\" data-element_type=\"container\" data-e-type=\"container\">\n\t\t\t\t\t<div class=\"e-con-inner\">\n\t\t<div class=\"elementor-element elementor-element-96e604e e-con-full animated-slow e-flex elementor-invisible e-con e-child\" data-id=\"96e604e\" data-element_type=\"container\" data-e-type=\"container\" data-settings=\"{&quot;animation&quot;:&quot;fadeInLeft&quot;}\">\n\t\t\t\t<div class=\"elementor-element elementor-element-4bf77f4 elementor-align-center animated-slow elementor-icon-list--layout-traditional elementor-list-item-link-full_width elementor-widget elementor-widget-icon-list\" data-id=\"4bf77f4\" data-element_type=\"widget\" data-e-type=\"widget\" data-settings=\"{&quot;_animation&quot;:&quot;none&quot;}\" data-widget_type=\"icon-list.default\">\n\t\t\t\t\t\t\t<ul class=\"elementor-icon-list-items\">\n\t\t\t\t\t\t\t<li class=\"elementor-icon-list-item\">\n\t\t\t\t\t\t\t\t\t\t<span class=\"elementor-icon-list-text\">Cost savings by centralizing stage, sound, lighting and bar with a single supplier<\/span>\n\t\t\t\t\t\t\t\t\t<\/li>\n\t\t\t\t\t\t\t\t<li class=\"elementor-icon-list-item\">\n\t\t\t\t\t\t\t\t\t\t<span class=\"elementor-icon-list-text\">Greater visual and experiential impact for attendees<\/span>\n\t\t\t\t\t\t\t\t\t<\/li>\n\t\t\t\t\t\t\t\t<li class=\"elementor-icon-list-item\">\n\t\t\t\t\t\t\t\t\t\t<span class=\"elementor-icon-list-text\">Modern and professional image of the event<\/span>\n\t\t\t\t\t\t\t\t\t<\/li>\n\t\t\t\t\t\t\t\t<li class=\"elementor-icon-list-item\">\n\t\t\t\t\t\t\t\t\t\t<span class=\"elementor-icon-list-text\">Greater safety and control of the environment (0% glass, less movement)<\/span>\n\t\t\t\t\t\t\t\t\t<\/li>\n\t\t\t\t\t\t\t\t<li class=\"elementor-icon-list-item\">\n\t\t\t\t\t\t\t\t\t\t<span class=\"elementor-icon-list-text\">Professional service with extensive experience<\/span>\n\t\t\t\t\t\t\t\t\t<\/li>\n\t\t\t\t\t\t\t\t<li class=\"elementor-icon-list-item\">\n\t\t\t\t\t\t\t\t\t\t<span class=\"elementor-icon-list-text\">Assembly, operation and dismantling fully managed by our team<\/span>\n\t\t\t\t\t\t\t\t\t<\/li>\n\t\t\t\t\t\t\t\t<li class=\"elementor-icon-list-item\">\n\t\t\t\t\t\t\t\t\t\t<span class=\"elementor-icon-list-text\">Total flexibility to customize the event according to the client's needs<\/span>\n\t\t\t\t\t\t\t\t\t<\/li>\n\t\t\t\t\t\t<\/ul>\n\t\t\t\t\t\t<\/div>\n\t\t\t\t<\/div>\n\t\t\t\t\t<\/div>\n\t\t\t\t<\/div>\n\t\t<div class=\"elementor-element elementor-element-4dd2b51 animated-slow e-flex e-con-boxed elementor-invisible e-con e-parent\" data-id=\"4dd2b51\" data-element_type=\"container\" data-e-type=\"container\" data-settings=\"{&quot;background_background&quot;:&quot;classic&quot;,&quot;animation&quot;:&quot;fadeInLeft&quot;}\">\n\t\t\t\t\t<div class=\"e-con-inner\">\n\t\t\t\t<div class=\"elementor-element elementor-element-249b0ab elementor-widget__width-initial elementor-widget-mobile__width-initial animated-slow elementor-invisible elementor-widget elementor-widget-heading\" data-id=\"249b0ab\" data-element_type=\"widget\" data-e-type=\"widget\" data-settings=\"{&quot;_animation&quot;:&quot;fadeInDown&quot;}\" data-widget_type=\"heading.default\">\n\t\t\t\t\t<h2 class=\"elementor-heading-title elementor-size-default\">Experience and customer guarantee<\/h2>\t\t\t\t<\/div>\n\t\t\t\t\t<\/div>\n\t\t\t\t<\/div>\n\t\t<div class=\"elementor-element elementor-element-b86c29b e-flex e-con-boxed e-con e-parent\" data-id=\"b86c29b\" data-element_type=\"container\" data-e-type=\"container\">\n\t\t\t\t\t<div class=\"e-con-inner\">\n\t\t\t\t<div class=\"elementor-element elementor-element-3919492 elementor-align-center animated-slow elementor-icon-list--layout-traditional elementor-list-item-link-full_width elementor-invisible elementor-widget elementor-widget-icon-list\" data-id=\"3919492\" data-element_type=\"widget\" data-e-type=\"widget\" data-settings=\"{&quot;_animation&quot;:&quot;fadeInUp&quot;}\" data-widget_type=\"icon-list.default\">\n\t\t\t\t\t\t\t<ul class=\"elementor-icon-list-items\">\n\t\t\t\t\t\t\t<li class=\"elementor-icon-list-item\">\n\t\t\t\t\t\t\t\t\t\t<span class=\"elementor-icon-list-text\">Professionalism<\/span>\n\t\t\t\t\t\t\t\t\t<\/li>\n\t\t\t\t\t\t\t\t<li class=\"elementor-icon-list-item\">\n\t\t\t\t\t\t\t\t\t\t<span class=\"elementor-icon-list-text\">Security<\/span>\n\t\t\t\t\t\t\t\t\t<\/li>\n\t\t\t\t\t\t\t\t<li class=\"elementor-icon-list-item\">\n\t\t\t\t\t\t\t\t\t\t<span class=\"elementor-icon-list-text\">Guaranteed fun<\/span>\n\t\t\t\t\t\t\t\t\t<\/li>\n\t\t\t\t\t\t\t\t<li class=\"elementor-icon-list-item\">\n\t\t\t\t\t\t\t\t\t\t<span class=\"elementor-icon-list-text\">Top quality equipment<\/span>\n\t\t\t\t\t\t\t\t\t<\/li>\n\t\t\t\t\t\t\t\t<li class=\"elementor-icon-list-item\">\n\t\t\t\t\t\t\t\t\t\t<span class=\"elementor-icon-list-text\">Positive impact among attendees<\/span>\n\t\t\t\t\t\t\t\t\t<\/li>\n\t\t\t\t\t\t<\/ul>\n\t\t\t\t\t\t<\/div>\n\t\t\t\t\t<\/div>\n\t\t\t\t<\/div>\n\t\t<div class=\"elementor-element elementor-element-1293fb8 e-flex e-con-boxed elementor-invisible e-con e-parent\" data-id=\"1293fb8\" data-element_type=\"container\" data-e-type=\"container\" data-settings=\"{&quot;background_background&quot;:&quot;classic&quot;,&quot;animation&quot;:&quot;fadeInUp&quot;}\">\n\t\t\t\t\t<div class=\"e-con-inner\">\n\t\t\t\t<div class=\"elementor-element elementor-element-892dca0 elementor-align-center elementor-tablet-align-center elementor-widget elementor-widget-button\" data-id=\"892dca0\" data-element_type=\"widget\" data-e-type=\"widget\" data-widget_type=\"button.default\">\n\t\t\t\t\t\t\t\t\t\t<a class=\"elementor-button elementor-button-link elementor-size-sm\" href=\"https:\/\/rollingstage.es\/en\/servicios\/\">\n\t\t\t\t\t\t<span class=\"elementor-button-content-wrapper\">\n\t\t\t\t\t\t\t\t\t<span class=\"elementor-button-text\">Services<\/span>\n\t\t\t\t\t<\/span>\n\t\t\t\t\t<\/a>\n\t\t\t\t\t\t\t\t<\/div>\n\t\t\t\t\t<\/div>\n\t\t\t\t<\/div>\n\t\t<div class=\"elementor-element elementor-element-781e251 e-flex e-con-boxed e-con e-parent\" data-id=\"781e251\" data-element_type=\"container\" data-e-type=\"container\" data-settings=\"{&quot;background_background&quot;:&quot;classic&quot;}\">\n\t\t\t\t\t<div class=\"e-con-inner\">\n\t\t\t\t\t<\/div>\n\t\t\t\t<\/div>\n\t\t\t\t<\/div>","protected":false},"excerpt":{"rendered":"<p>Donde la m\u00fasica, la bebida y la experiencia se unen para crear&#8230; eventos inolvidables. PRESENTACI\u00d3N Somos una empresa con m\u00e1s de 10 a\u00f1os de experiencia en el sector del ocio y el entretenimiento, especializada en DJ\u2019s, eventos musicales, fiestas privadas, celebraciones corporativas, bodas y eventos populares. Ponemos a disposici\u00f3n de particulares, empresas y organizaciones un [&hellip;]<\/p>\n","protected":false},"author":1,"featured_media":0,"parent":0,"menu_order":0,"comment_status":"closed","ping_status":"closed","template":"elementor_canvas","meta":{"footnotes":""},"class_list":["post-10","page","type-page","status-publish","hentry"],"yoast_head":"<!-- This site is optimized with the Yoast SEO plugin v27.3 - https:\/\/yoast.com\/product\/yoast-seo-wordpress\/ -->\n<title>Inicio - Rolling Stage<\/title>\n<meta name=\"robots\" content=\"index, follow, max-snippet:-1, max-image-preview:large, max-video-preview:-1\" \/>\n<link rel=\"canonical\" href=\"https:\/\/rollingstage.es\/en\/\" \/>\n<meta property=\"og:locale\" content=\"en_GB\" \/>\n<meta property=\"og:type\" content=\"article\" \/>\n<meta property=\"og:title\" content=\"Inicio - Rolling Stage\" \/>\n<meta property=\"og:description\" content=\"Donde la m\u00fasica, la bebida y la experiencia se unen para crear&#8230; eventos inolvidables. PRESENTACI\u00d3N Somos una empresa con m\u00e1s de 10 a\u00f1os de experiencia en el sector del ocio y el entretenimiento, especializada en DJ\u2019s, eventos musicales, fiestas privadas, celebraciones corporativas, bodas y eventos populares. Ponemos a disposici\u00f3n de particulares, empresas y organizaciones un [&hellip;]\" \/>\n<meta property=\"og:url\" content=\"https:\/\/rollingstage.es\/en\/\" \/>\n<meta property=\"og:site_name\" content=\"Rolling Stage\" \/>\n<meta property=\"article:modified_time\" content=\"2026-02-11T14:32:54+00:00\" \/>\n<meta name=\"twitter:card\" content=\"summary_large_image\" \/>\n<meta name=\"twitter:label1\" content=\"Estimated reading time\" \/>\n\t<meta name=\"twitter:data1\" content=\"2 minutes\" \/>\n<script type=\"application\/ld+json\" class=\"yoast-schema-graph\">{\"@context\":\"https:\\\/\\\/schema.org\",\"@graph\":[{\"@type\":\"WebPage\",\"@id\":\"https:\\\/\\\/rollingstage.es\\\/\",\"url\":\"https:\\\/\\\/rollingstage.es\\\/\",\"name\":\"Inicio - Rolling Stage\",\"isPartOf\":{\"@id\":\"https:\\\/\\\/rollingstage.es\\\/#website\"},\"datePublished\":\"2026-02-06T17:12:26+00:00\",\"dateModified\":\"2026-02-11T14:32:54+00:00\",\"breadcrumb\":{\"@id\":\"https:\\\/\\\/rollingstage.es\\\/#breadcrumb\"},\"inLanguage\":\"en-GB\",\"potentialAction\":[{\"@type\":\"ReadAction\",\"target\":[\"https:\\\/\\\/rollingstage.es\\\/\"]}]},{\"@type\":\"BreadcrumbList\",\"@id\":\"https:\\\/\\\/rollingstage.es\\\/#breadcrumb\",\"itemListElement\":[{\"@type\":\"ListItem\",\"position\":1,\"name\":\"Portada\",\"item\":\"https:\\\/\\\/rollingstage.es\\\/\"},{\"@type\":\"ListItem\",\"position\":2,\"name\":\"Inicio\"}]},{\"@type\":\"WebSite\",\"@id\":\"https:\\\/\\\/rollingstage.es\\\/#website\",\"url\":\"https:\\\/\\\/rollingstage.es\\\/\",\"name\":\"Rolling Stage\",\"description\":\"Food Truck, drink &amp; music\",\"publisher\":{\"@id\":\"https:\\\/\\\/rollingstage.es\\\/#organization\"},\"potentialAction\":[{\"@type\":\"SearchAction\",\"target\":{\"@type\":\"EntryPoint\",\"urlTemplate\":\"https:\\\/\\\/rollingstage.es\\\/?s={search_term_string}\"},\"query-input\":{\"@type\":\"PropertyValueSpecification\",\"valueRequired\":true,\"valueName\":\"search_term_string\"}}],\"inLanguage\":\"en-GB\"},{\"@type\":\"Organization\",\"@id\":\"https:\\\/\\\/rollingstage.es\\\/#organization\",\"name\":\"Rolling Stage\",\"url\":\"https:\\\/\\\/rollingstage.es\\\/\",\"logo\":{\"@type\":\"ImageObject\",\"inLanguage\":\"en-GB\",\"@id\":\"https:\\\/\\\/rollingstage.es\\\/#\\\/schema\\\/logo\\\/image\\\/\",\"url\":\"https:\\\/\\\/rollingstage.es\\\/wp-content\\\/uploads\\\/2026\\\/02\\\/cropped-ROLLING-STAGE-LOGOTIPO-SIN-FONDO_2-scaled-1.png\",\"contentUrl\":\"https:\\\/\\\/rollingstage.es\\\/wp-content\\\/uploads\\\/2026\\\/02\\\/cropped-ROLLING-STAGE-LOGOTIPO-SIN-FONDO_2-scaled-1.png\",\"width\":2203,\"height\":1830,\"caption\":\"Rolling Stage\"},\"image\":{\"@id\":\"https:\\\/\\\/rollingstage.es\\\/#\\\/schema\\\/logo\\\/image\\\/\"}}]}<\/script>\n<!-- \/ Yoast SEO plugin. -->","yoast_head_json":{"title":"Inicio - Rolling Stage","robots":{"index":"index","follow":"follow","max-snippet":"max-snippet:-1","max-image-preview":"max-image-preview:large","max-video-preview":"max-video-preview:-1"},"canonical":"https:\/\/rollingstage.es\/en\/","og_locale":"en_GB","og_type":"article","og_title":"Inicio - Rolling Stage","og_description":"Donde la m\u00fasica, la bebida y la experiencia se unen para crear&#8230; eventos inolvidables. PRESENTACI\u00d3N Somos una empresa con m\u00e1s de 10 a\u00f1os de experiencia en el sector del ocio y el entretenimiento, especializada en DJ\u2019s, eventos musicales, fiestas privadas, celebraciones corporativas, bodas y eventos populares. Ponemos a disposici\u00f3n de particulares, empresas y organizaciones un [&hellip;]","og_url":"https:\/\/rollingstage.es\/en\/","og_site_name":"Rolling Stage","article_modified_time":"2026-02-11T14:32:54+00:00","twitter_card":"summary_large_image","twitter_misc":{"Estimated reading time":"2 minutes"},"schema":{"@context":"https:\/\/schema.org","@graph":[{"@type":"WebPage","@id":"https:\/\/rollingstage.es\/","url":"https:\/\/rollingstage.es\/","name":"Inicio - Rolling Stage","isPartOf":{"@id":"https:\/\/rollingstage.es\/#website"},"datePublished":"2026-02-06T17:12:26+00:00","dateModified":"2026-02-11T14:32:54+00:00","breadcrumb":{"@id":"https:\/\/rollingstage.es\/#breadcrumb"},"inLanguage":"en-GB","potentialAction":[{"@type":"ReadAction","target":["https:\/\/rollingstage.es\/"]}]},{"@type":"BreadcrumbList","@id":"https:\/\/rollingstage.es\/#breadcrumb","itemListElement":[{"@type":"ListItem","position":1,"name":"Portada","item":"https:\/\/rollingstage.es\/"},{"@type":"ListItem","position":2,"name":"Inicio"}]},{"@type":"WebSite","@id":"https:\/\/rollingstage.es\/#website","url":"https:\/\/rollingstage.es\/","name":"Rolling Stage","description":"Food Truck, drink &amp; music","publisher":{"@id":"https:\/\/rollingstage.es\/#organization"},"potentialAction":[{"@type":"SearchAction","target":{"@type":"EntryPoint","urlTemplate":"https:\/\/rollingstage.es\/?s={search_term_string}"},"query-input":{"@type":"PropertyValueSpecification","valueRequired":true,"valueName":"search_term_string"}}],"inLanguage":"en-GB"},{"@type":"Organization","@id":"https:\/\/rollingstage.es\/#organization","name":"Rolling Stage","url":"https:\/\/rollingstage.es\/","logo":{"@type":"ImageObject","inLanguage":"en-GB","@id":"https:\/\/rollingstage.es\/#\/schema\/logo\/image\/","url":"https:\/\/rollingstage.es\/wp-content\/uploads\/2026\/02\/cropped-ROLLING-STAGE-LOGOTIPO-SIN-FONDO_2-scaled-1.png","contentUrl":"https:\/\/rollingstage.es\/wp-content\/uploads\/2026\/02\/cropped-ROLLING-STAGE-LOGOTIPO-SIN-FONDO_2-scaled-1.png","width":2203,"height":1830,"caption":"Rolling Stage"},"image":{"@id":"https:\/\/rollingstage.es\/#\/schema\/logo\/image\/"}}]}},"_links":{"self":[{"href":"https:\/\/rollingstage.es\/en\/wp-json\/wp\/v2\/pages\/10","targetHints":{"allow":["GET"]}}],"collection":[{"href":"https:\/\/rollingstage.es\/en\/wp-json\/wp\/v2\/pages"}],"about":[{"href":"https:\/\/rollingstage.es\/en\/wp-json\/wp\/v2\/types\/page"}],"author":[{"embeddable":true,"href":"https:\/\/rollingstage.es\/en\/wp-json\/wp\/v2\/users\/1"}],"replies":[{"embeddable":true,"href":"https:\/\/rollingstage.es\/en\/wp-json\/wp\/v2\/comments?post=10"}],"version-history":[{"count":212,"href":"https:\/\/rollingstage.es\/en\/wp-json\/wp\/v2\/pages\/10\/revisions"}],"predecessor-version":[{"id":603,"href":"https:\/\/rollingstage.es\/en\/wp-json\/wp\/v2\/pages\/10\/revisions\/603"}],"wp:attachment":[{"href":"https:\/\/rollingstage.es\/en\/wp-json\/wp\/v2\/media?parent=10"}],"curies":[{"name":"wp","href":"https:\/\/api.w.org\/{rel}","templated":true}]}}